{"id":7,"date":"2019-01-24T10:37:10","date_gmt":"2019-01-24T10:37:10","guid":{"rendered":"http:\/\/capi-peintureindustrielle.fr\/?page_id=7"},"modified":"2023-12-03T15:49:30","modified_gmt":"2023-12-03T15:49:30","slug":"mesmerize","status":"publish","type":"page","link":"https:\/\/capi-peintureindustrielle.fr\/","title":{"rendered":"Front Page"},"content":{"rendered":"<div  id=\"accueil\" style=\"background-color: #ffffff;\" data-label=\"Accueil\" data-id=\"overlappable-4\" data-export-id=\"overlappable-4\" data-category=\"overlappable\" class=\"overlappable-4 content-section content-section-spacing\" data-overlap=\"true\"><div  class=\"gridContainer\"> <div  data-type=\"row\" class=\"row spaced-cols text-center\"><div  class=\"col-xs-12 col-sm-4 col-padding\"> <i  class=\"fa icon shadow-large-black aligncenter color1 fa-pencil-square-o reverse round large\"><\/i> <div  data-type=\"column\" class=\"\"> <h5  class=\"\">GRENAILLAGE<\/h5> <p  class=\"\">Projection de particules<br >abrasives sur la surface d\u2019un<br >objet pour en modifier l\u2019aspect<br >avant l\u2019application du<br >traitement de surface<\/p><\/div> <\/div> <div  class=\"col-xs-12 col-sm-4 col-padding\"> <i  class=\"fa icon shadow-large-black aligncenter color1 fa-paint-brush reverse round large\"><\/i> <div  data-type=\"column\" class=\"\"><h5  class=\"\">PEINTURE INDUSTRIELLE<\/h5> <p  class=\"\">Le thermolaquage ou<br >poudrage \u00e9lectroqtatiques est<br >un traitement de surface<br >destin\u00e9 \u00e0 prot\u00e9ger les<br >\u00e9l\u00e9ments en acier, inox,<br >aluminium et autres supports<br >m\u00e9talliques paar l\u2019applicatino<br >d\u2019une poudre<\/p><\/div> <\/div> <div  class=\"col-xs-12 col-sm-4 col-padding\"> <a data-cp-link=\"1\" href=\"#\" target=\"_self\" rel=\"noopener\"><i  class=\"fa icon shadow-large-black aligncenter color1 fa-industry reverse round large\"><\/i><\/a> <div  data-type=\"column\" class=\"\"><h5  class=\"\">CUISSON<\/h5> <p  class=\"\">La cuisson de la poudre<br >permet \u00e0 cette derni\u00e8re de<br >prot\u00e9ger le support des<br >agressions ext\u00e9rieures<br >(corrosions, rayures, etc.)<\/p><\/div> <\/div><\/div> <\/div><\/div><div  id=\"notre-activite\" style=\"background-color: #ffffff;\" data-label=\"Notre activite\" data-id=\"features-12-card-bordered\" data-export-id=\"features-12-card-bordered\" data-category=\"features\" class=\"features-12-card-bordered content-section content-section-spacing \"><div  class=\"gridContainer\"> <div  class=\"row text-center\"><div  class=\"section-title-col\" data-type=\"column\"> <h2  class=\"\">Le Thermolaquage, un monde infini de possibilit\u00e9s<\/h2> <\/div> <\/div> <div  class=\"row spaced-cols\" data-type=\"row\"> <div  class=\"col-sm-6\"> <div  class=\"card row-card bordered y-move\"> <div  class=\"row\"> <div  class=\"col-sm-fit icon-column\"> <i  class=\"fa icon fa-connectdevelop round bordered color2\"><\/i> <\/div> <div  class=\"col-sm\" data-type=\"column\"> <h5  class=\"color2\">APPLICATIONS METIER<\/h5> <p  class=\"\">Ce type de rev\u00eatement est utilis\u00e9 dans<br >l\u2019industrie pour ses capacit\u00e9s \u00e0 r\u00e9sister aux<br >agressions ext\u00e9rieures (corrosion, rayure, bord<br >de mer<br >Il est utilis\u00e9 dans de nombreux domaines&nbsp;: de<br >l\u2019industrie, au particulier, en passant par la<br >mobilier urbain, l\u2019architecture<\/p><\/div> <\/div><\/div> <\/div> <div  class=\"col-sm-6\"> <div  class=\"card row-card bordered y-move\"> <div  class=\"row\"> <div  class=\"col-sm-fit icon-column\"> <a data-cp-link=\"1\" href=\"#\" target=\"_self\" rel=\"noopener\"><i  class=\"fa icon color2 fa-car bordered round\"><\/i><\/a> <\/div> <div  class=\"col-sm\" data-type=\"column\"> <h5  class=\"color2\">LIVRAISONS<\/h5> <p  class=\"\">Afin de vous permettre une optimisation de vos<br >moyens de fabricaiton, nous aovns mis en place<br >une service de livraison, nous prenons vos<br >pi\u00e8ces au sein de votre \u00e9tablissement, nous les<br >traitons et vous les ramenons.<\/p><\/div> <\/div><\/div> <\/div> <div  class=\"col-sm-6\"> <div  class=\"card row-card bordered y-move\"> <div  class=\"row\"> <div  class=\"col-sm-fit icon-column\"> <i  class=\"fa icon color2 fa-american-sign-language-interpreting bordered round\"><\/i> <\/div> <div  class=\"col-sm\" data-type=\"column\"> <h5  class=\"color2\">CONSEIL<\/h5> <p  class=\"\">Une ind\u00e9cision quant \u00e0 la couleur, \u00e0 la finition<br >que vous souhaitez nous vous accompagnons \u00e0<br >chaque \u00e9tape de votre r\u00e9flexion.<\/p><\/div> <\/div><\/div> <\/div> <div  class=\"col-sm-6\"> <div  class=\"card row-card bordered y-move\"> <div  class=\"row\"> <div  class=\"col-sm-fit icon-column\"> <i  class=\"fa icon color2 fa-book bordered round\"><\/i> <\/div> <div  class=\"col-sm\" data-type=\"column\"> <h5  class=\"color2\">REFERENCES<\/h5> <p  class=\"\">Nous traitons des pi\u00e8ces unitaires \u00e0 la s\u00e9rie<br >pour le compte de nos clients qu\u2019ils soient<br >artisans ou de grands groupes.<\/p><\/div> <\/div><\/div> <\/div><\/div> <\/div><\/div><div  id=\"technologie-utilisee\" style=\"background-color: #ffffff;\" data-label=\"Technologie utilisee\" data-id=\"content-3\" data-export-id=\"content-3\" data-category=\"content\" class=\"content-3 content-section content-section-spacing\"><div > <div  class=\"row middle-xs\"><div  class=\"col-sm-7 full-col-left-padding full-col-right-padding\"> <div  class=\"row\"><div  data-type=\"column\" class=\"space-bottom-small content-title-col\">  <h2  class=\"\">CAPI utilise principalement la technologie des poudres AKZONOBEL<\/h2> <\/div> <\/div> <div  class=\"row spaced-cols\" data-type=\"row\">    <div  class=\"col-xs-6\" data-type=\"column\"> <\/div> <\/div><\/div> <div  class=\"col-sm-5 bg-image shadow-large-black revert-classes-holder\" data-bg=\"image\" style=\"background-image: url(&quot;http:\/\/capi-peintureindustrielle.fr\/wp-content\/uploads\/2019\/08\/cropped-unnamed-3.jpg&quot;);\"><\/div><\/div> <\/div><\/div><div  id=\"nos-realisations\" style=\"background-color: #f5fafd;\" data-label=\"Nos realisations\" data-id=\"portfolio-4\" data-export-id=\"portfolio-4\" data-category=\"portfolio\" class=\"portfolio-4 content-section content-section-spacing-top\"><div  class=\"gridContainer\"> <div  class=\"row text-center\"><div  class=\"section-title-col\" data-type=\"column\"> <h2  class=\"\">Nos r\u00e9alisations en image\u2026<\/h2> <\/div> <\/div> <div  data-type=\"row\" class=\"row\" data-fixed=\"true\"> <div  class=\"col-xs-12 col-sm-3 no-gutter-col col-md-4\"> <div  class=\"contentswap-effect\" data-hover-fx=\"portfolio-4\"> <div  class=\"initial-image\"> <img  data-size=\"542x360\" src=\"http:\/\/capi-peintureindustrielle.fr\/wp-content\/uploads\/2019\/08\/cropped-unnamed-6-1.jpg\"><\/div> <div  class=\"overlay bg-color1\"><\/div> <div  class=\"swap-inner col-xs-12\"> <div  class=\"row full-height-row middle-xs middle-sm\"> <div  class=\"col-xs-12 text-center content-holder\"> <a href=\"http:\/\/capi-peintureindustrielle.fr?page_id=56\" target=\"_self\" rel=\"noopener\"><i  class=\"fa icon portfolio-icon fa-search small\" aria-hidden=\"true\"><\/i><\/a><\/div> <\/div><\/div> <\/div><\/div> <div  class=\"col-xs-12 col-sm-3 no-gutter-col col-md-4\"><div  class=\"contentswap-effect\" data-hover-fx=\"portfolio-4\"> <div  class=\"initial-image\"> <img  data-size=\"542x360\" src=\"http:\/\/capi-peintureindustrielle.fr\/wp-content\/uploads\/2019\/08\/cropped-unnamed.jpg\"><\/div> <div  class=\"overlay bg-color1\"><\/div> <div  class=\"swap-inner col-xs-12\"> <div  class=\"row full-height-row middle-xs middle-sm\"> <div  class=\"col-xs-12 text-center content-holder\"> <a href=\"http:\/\/capi-peintureindustrielle.fr?page_id=56\" target=\"_self\" rel=\"noopener\"><i  class=\"fa icon portfolio-icon fa-search small\" aria-hidden=\"true\"><\/i><\/a><\/div> <\/div><\/div> <\/div><\/div> <div  class=\"col-xs-12 col-sm-3 no-gutter-col col-md-4\"><div  class=\"contentswap-effect\" data-hover-fx=\"portfolio-4\"> <div  class=\"initial-image\"> <img  data-size=\"542x360\" src=\"http:\/\/capi-peintureindustrielle.fr\/wp-content\/uploads\/2019\/08\/cropped-unnamed-5.jpg\"><\/div> <div  class=\"overlay bg-color1\"><\/div> <div  class=\"swap-inner col-xs-12\"> <div  class=\"row full-height-row middle-xs middle-sm\"> <div  class=\"col-xs-12 text-center content-holder\"> <a href=\"http:\/\/capi-peintureindustrielle.fr?page_id=56\" target=\"_self\" rel=\"noopener\"><i  class=\"fa icon portfolio-icon fa-search small\" aria-hidden=\"true\"><\/i><\/a><\/div> <\/div><\/div> <\/div><\/div> <div  class=\"col-xs-12 col-sm-3 no-gutter-col col-md-4\"><div  class=\"contentswap-effect\" data-hover-fx=\"portfolio-4\"> <div  class=\"initial-image\"> <img  data-size=\"542x360\" src=\"http:\/\/capi-peintureindustrielle.fr\/wp-content\/uploads\/2019\/08\/cropped-unnamed-2.jpg\"><\/div> <div  class=\"overlay bg-color1\"><\/div> <div  class=\"swap-inner col-xs-12\"> <div  class=\"row full-height-row middle-xs middle-sm\"> <div  class=\"col-xs-12 text-center content-holder\"> <a href=\"http:\/\/capi-peintureindustrielle.fr?page_id=56\" target=\"_self\" rel=\"noopener\"><i  class=\"fa icon portfolio-icon fa-search small\" aria-hidden=\"true\"><\/i><\/a><\/div> <\/div><\/div> <\/div><\/div>     <div  class=\"col-xs-12 col-sm-3 no-gutter-col col-md-4\"> <div  class=\"contentswap-effect\" data-hover-fx=\"portfolio-4\"> <div  class=\"initial-image\"> <img  data-size=\"542x360\" src=\"http:\/\/capi-peintureindustrielle.fr\/wp-content\/uploads\/2019\/08\/cropped-unnamed-4-1.jpg\"><\/div> <div  class=\"overlay bg-color1\"><\/div> <div  class=\"swap-inner col-xs-12\"> <div  class=\"row full-height-row middle-xs middle-sm\"> <div  class=\"col-xs-12 text-center content-holder\"> <a href=\"http:\/\/capi-peintureindustrielle.fr?page_id=56\" target=\"_self\" rel=\"noopener\"><i  class=\"fa icon portfolio-icon fa-search small\" aria-hidden=\"true\"><\/i><\/a><\/div> <\/div><\/div> <\/div><\/div><div  class=\"col-xs-12 col-sm-3 no-gutter-col col-md-4\"> <div  class=\"contentswap-effect\" data-hover-fx=\"portfolio-4\"> <div  class=\"initial-image\"> <img  data-size=\"542x360\" src=\"http:\/\/capi-peintureindustrielle.fr\/wp-content\/uploads\/2019\/08\/cropped-unnamed-3-1-1.jpg\"><\/div> <div  class=\"overlay bg-color1\"><\/div> <div  class=\"swap-inner col-xs-12\"> <div  class=\"row full-height-row middle-xs middle-sm\"> <div  class=\"col-xs-12 text-center content-holder\"> <a href=\"http:\/\/capi-peintureindustrielle.fr?page_id=56\" target=\"_self\" rel=\"noopener\"><i  class=\"fa icon portfolio-icon fa-search small\" aria-hidden=\"true\"><\/i><\/a><\/div> <\/div><\/div> <\/div><\/div><\/div><\/div> <\/div><div  id=\"contact\" data-label=\"Contact\" data-id=\"contact-1\" data-export-id=\"contact-1\" data-category=\"contact\" class=\"contact-1 content-section content-section-spacing white-text\" data-parallax-depth=\"20\"><div  class=\"gridContainer\"> <div  class=\"row text-center\"><div  class=\"section-title-col\" data-type=\"column\"> <h2  class=\"\">Contactez-nous<\/h2> <\/div> <\/div> <div  class=\"row text-center\"> <div  class=\"col-xs-12 col-sm-8 col-sm-offset-2 contact-form-wrapper inline-info\"> <div  class=\"card large-padding\"> <div  class=\"\" data-content-shortcode=\"mesmerize_contact_form shortcode=&quot;wpforms id=&amp;amp;quot;32&amp;amp;quot; title=&amp;amp;quot;false&amp;amp;quot; description=&amp;amp;quot;false&amp;amp;quot;&quot;\" data-editable=\"true\"><div class=\"wpforms-container wpforms-container-full\" id=\"wpforms-32\"><form id=\"wpforms-form-32\" class=\"wpforms-validate wpforms-form\" data-formid=\"32\" method=\"post\" enctype=\"multipart\/form-data\" action=\"\/index.php?rest_route=%2Fwp%2Fv2%2Fpages%2F7\" data-token=\"e43c09a97a9acec8cc136d7510f6e6dd\"><noscript class=\"wpforms-error-noscript\">Veuillez activer JavaScript dans votre navigateur pour remplir ce formulaire.<\/noscript><div class=\"wpforms-field-container\"><div id=\"wpforms-32-field_0-container\" class=\"wpforms-field wpforms-field-name\" data-field-id=\"0\"><label class=\"wpforms-field-label\" for=\"wpforms-32-field_0\">Nom <span class=\"wpforms-required-label\">*<\/span><\/label><div class=\"wpforms-field-row wpforms-field-medium\"><div class=\"wpforms-field-row-block wpforms-first wpforms-one-half\"><input type=\"text\" id=\"wpforms-32-field_0\" class=\"wpforms-field-name-first wpforms-field-required\" name=\"wpforms[fields][0][first]\" required><label for=\"wpforms-32-field_0\" class=\"wpforms-field-sublabel after \">Pr\u00e9nom<\/label><\/div><div class=\"wpforms-field-row-block wpforms-one-half\"><input type=\"text\" id=\"wpforms-32-field_0-last\" class=\"wpforms-field-name-last wpforms-field-required\" name=\"wpforms[fields][0][last]\" required><label for=\"wpforms-32-field_0-last\" class=\"wpforms-field-sublabel after \">Nom<\/label><\/div><\/div><\/div><div id=\"wpforms-32-field_1-container\" class=\"wpforms-field wpforms-field-email\" data-field-id=\"1\"><label class=\"wpforms-field-label\" for=\"wpforms-32-field_1\">Adresse de contact <span class=\"wpforms-required-label\">*<\/span><\/label><input type=\"email\" id=\"wpforms-32-field_1\" class=\"wpforms-field-medium wpforms-field-required\" name=\"wpforms[fields][1]\" required><\/div><div id=\"wpforms-32-field_2-container\" class=\"wpforms-field wpforms-field-textarea\" data-field-id=\"2\"><label class=\"wpforms-field-label\" for=\"wpforms-32-field_2\">Message <span class=\"wpforms-required-label\">*<\/span><\/label><textarea id=\"wpforms-32-field_2\" class=\"wpforms-field-medium wpforms-field-required\" name=\"wpforms[fields][2]\" required><\/textarea><\/div><\/div><div class=\"wpforms-field wpforms-field-hp\"><label for=\"wpforms-32-field-hp\" class=\"wpforms-field-label\">Website<\/label><input type=\"text\" name=\"wpforms[hp]\" id=\"wpforms-32-field-hp\" class=\"wpforms-field-medium\"><\/div><div class=\"wpforms-submit-container\"><input type=\"hidden\" name=\"wpforms[id]\" value=\"32\"><input type=\"hidden\" name=\"wpforms[author]\" value=\"2\"><button type=\"submit\" name=\"wpforms[submit]\" id=\"wpforms-submit-32\" class=\"wpforms-submit\" data-alt-text=\"En envoi...\" data-submit-text=\"Envoyer\" aria-live=\"assertive\" value=\"wpforms-submit\">Envoyer<\/button><\/div><\/form><\/div>  <!-- .wpforms-container --><\/div><\/div> <\/div><\/div> <\/div><\/div>","protected":false},"excerpt":{"rendered":"<p>GRENAILLAGE Projection de particulesabrasives sur la surface d\u2019unobjet pour en modifier l\u2019aspectavant l\u2019application dutraitement de surface PEINTURE INDUSTRIELLE Le thermolaquage oupoudrage \u00e9lectroqtatiques estun traitement de surfacedestin\u00e9 \u00e0 prot\u00e9ger les\u00e9l\u00e9ments en acier, inox,aluminium et autres supportsm\u00e9talliques paar l\u2019applicatinod\u2019une poudre CUISSON La cuisson de la poudrepermet \u00e0 cette derni\u00e8re deprot\u00e9ger le support desagressions ext\u00e9rieures(corrosions, rayures, etc.) Le&hellip; <br \/> <a class=\"read-more\" href=\"https:\/\/capi-peintureindustrielle.fr\/\">Lire la suite<\/a><\/p>\n","protected":false},"author":2,"featured_media":0,"parent":0,"menu_order":0,"comment_status":"closed","ping_status":"closed","template":"page-templates\/homepage.php","meta":[],"_links":{"self":[{"href":"https:\/\/capi-peintureindustrielle.fr\/index.php?rest_route=\/wp\/v2\/pages\/7"}],"collection":[{"href":"https:\/\/capi-peintureindustrielle.fr\/index.php?rest_route=\/wp\/v2\/pages"}],"about":[{"href":"https:\/\/capi-peintureindustrielle.fr\/index.php?rest_route=\/wp\/v2\/types\/page"}],"author":[{"embeddable":true,"href":"https:\/\/capi-peintureindustrielle.fr\/index.php?rest_route=\/wp\/v2\/users\/2"}],"replies":[{"embeddable":true,"href":"https:\/\/capi-peintureindustrielle.fr\/index.php?rest_route=%2Fwp%2Fv2%2Fcomments&post=7"}],"version-history":[{"count":15,"href":"https:\/\/capi-peintureindustrielle.fr\/index.php?rest_route=\/wp\/v2\/pages\/7\/revisions"}],"predecessor-version":[{"id":93,"href":"https:\/\/capi-peintureindustrielle.fr\/index.php?rest_route=\/wp\/v2\/pages\/7\/revisions\/93"}],"wp:attachment":[{"href":"https:\/\/capi-peintureindustrielle.fr\/index.php?rest_route=%2Fwp%2Fv2%2Fmedia&parent=7"}],"curies":[{"name":"wp","href":"https:\/\/api.w.org\/{rel}","templated":true}]}}